{"id":3014,"date":"2014-11-03T09:56:04","date_gmt":"2014-11-03T08:56:04","guid":{"rendered":"https:\/\/les-terrains-du-lac.com\/ltdl\/?page_id=3014"},"modified":"2023-04-02T15:41:41","modified_gmt":"2023-04-02T13:41:41","slug":"vous-voulez-investir","status":"publish","type":"page","link":"https:\/\/les-terrains-du-lac.com\/ltdl\/pourquoi-investir\/vous-voulez-investir\/","title":{"rendered":"Vous voulez investir ?"},"content":{"rendered":"<section class=\"l-section wpb_row height_medium\"><div class=\"l-section-h i-cf\"><div class=\"g-cols vc_row via_flex valign_top type_default stacking_default\"><div class=\"vc_col-sm-12 wpb_column vc_column_container\"><div class=\"vc_column-inner\"><div class=\"wpb_wrapper\"><h1 class=\"w-text\"><span class=\"w-text-h\"><span class=\"w-text-value\">Vous voulez investir ?<\/span><\/span><\/h1><div class=\"w-separator size_medium\"><\/div><div class=\"wpb_text_column\"><div class=\"wpb_wrapper\"><p><span style=\"color: #ff9900;\">Investir dans l\u2019immobilier reste un placement des plus s\u00fbrs pour compl\u00e9ter ses revenus et se constituer un patrimoine p\u00e9renne.<\/span><\/p>\n<p>&nbsp;<\/p>\n<p><span style=\"color: #ff9900;\"><strong>\u00a0 \u2014&gt; PREPARER SA RETRAITE<\/strong><\/span><\/p>\n<p><span style=\"color: #ff9900;\">Vous souhaitez placer votre capital pour votre retraite et rapidement amortir votre investissement ? D\u00e9sormais c\u2019est en loi Duflot qu\u2019il vous faut investir ! Ce dispositif vient remplacer la loi Scellier et vous permet de r\u00e9aliser un amortissement de votre placement retraite sur une courte dur\u00e9e ! Vous pouvez en effet b\u00e9n\u00e9ficier de r\u00e9ductions d\u2019imp\u00f4ts pendant 9 ans, tout en percevant les loyers de votre locataire.<\/span><br \/>\n<span style=\"color: #ff9900;\">Dans ce cas, vous pourrez r\u00e9duire vos imp\u00f4ts de 18% du prix de revient de votre bien !<\/span><\/p>\n<p><span style=\"color: #ff9900;\"><strong>\u00a0\u00a0 \u2014&gt; SE CONSTITUER UN PATRIMOINE<\/strong><\/span><\/p>\n<p><span style=\"color: #ff9900;\">Le placement immobilier est l\u2019un des investissements les plus int\u00e9ressants pour se constituer un patrimoine p\u00e9renne.<\/span><br \/>\n<span style=\"color: #ff9900;\">Moins sujet aux d\u00e9gradations de la conjoncture que la plupart des produits financiers, son retour sur investissement est \u00e9galement plus int\u00e9ressant que celui des produits d\u2019\u00e9pargne classiques. De plus, que vous souhaitiez investir sur une courte dur\u00e9e ou \u00e0 plus long terme, vous pourrez b\u00e9n\u00e9ficier d\u2019un dispositif de d\u00e9fiscalisation adapt\u00e9.<\/span><\/p>\n<p><span style=\"color: #ff9900;\">\u00a0\u00a0 \u2013<strong>\u2013&gt; COMPL\u00c9TER SES REVENUS<\/strong><\/span><\/p>\n<p><span style=\"color: #ff9900;\">Se constituer un patrimoine immobilier pour le transmettre \u00e0 ses proches est une solution de plus en plus populaire en France. Cette forme d\u2019\u00e9pargne \u00e9volutive, qui pr\u00e9sente moins de risques que certains placements, semble faire des adeptes plus nombreux chaque ann\u00e9e.<\/span><\/p>\n<p><span style=\"color: #ff9900;\"><strong>LES AVANTAGES<br \/>\n<\/strong><\/span><\/p>\n<p><span style=\"color: #ff9900;\">\u2013 Le capital immobilier constitu\u00e9 au fil des ans est librement transmissible<\/span><\/p>\n<p><span style=\"color: #ff9900;\">\u2013 La souscription d\u2019une assurance invalidit\u00e9-d\u00e9c\u00e8s au moment de la signature du pr\u00eat immobilier \u00e9vite aux h\u00e9ritiers d\u2019avoir \u00e0 r\u00e9gler une \u00e9ventuelle dette avant la fin du cr\u00e9dit. En cas de probl\u00e8me, c\u2019est l\u2019assurance qui prend en charge les remboursements.<\/span><\/p>\n<\/div><\/div><\/div><\/div><\/div><\/div><\/div><\/section>\n","protected":false},"excerpt":{"rendered":"Vous voulez investir ?Investir dans l\u2019immobilier reste un placement des plus s\u00fbrs pour compl\u00e9ter ses revenus et se constituer un patrimoine p\u00e9renne. &nbsp; \u00a0 \u2014&gt; PREPARER SA RETRAITE Vous souhaitez placer votre capital pour votre retraite et rapidement amortir votre investissement ? D\u00e9sormais c\u2019est en loi Duflot qu\u2019il vous faut investir ! Ce dispositif vient...","protected":false},"author":2,"featured_media":0,"parent":2415,"menu_order":2,"comment_status":"closed","ping_status":"closed","template":"","meta":{"footnotes":""},"class_list":["post-3014","page","type-page","status-publish","hentry"],"aioseo_notices":[],"_links":{"self":[{"href":"https:\/\/les-terrains-du-lac.com\/ltdl\/wp-json\/wp\/v2\/pages\/3014","targetHints":{"allow":["GET"]}}],"collection":[{"href":"https:\/\/les-terrains-du-lac.com\/ltdl\/wp-json\/wp\/v2\/pages"}],"about":[{"href":"https:\/\/les-terrains-du-lac.com\/ltdl\/wp-json\/wp\/v2\/types\/page"}],"author":[{"embeddable":true,"href":"https:\/\/les-terrains-du-lac.com\/ltdl\/wp-json\/wp\/v2\/users\/2"}],"replies":[{"embeddable":true,"href":"https:\/\/les-terrains-du-lac.com\/ltdl\/wp-json\/wp\/v2\/comments?post=3014"}],"version-history":[{"count":41,"href":"https:\/\/les-terrains-du-lac.com\/ltdl\/wp-json\/wp\/v2\/pages\/3014\/revisions"}],"predecessor-version":[{"id":6559,"href":"https:\/\/les-terrains-du-lac.com\/ltdl\/wp-json\/wp\/v2\/pages\/3014\/revisions\/6559"}],"up":[{"embeddable":true,"href":"https:\/\/les-terrains-du-lac.com\/ltdl\/wp-json\/wp\/v2\/pages\/2415"}],"wp:attachment":[{"href":"https:\/\/les-terrains-du-lac.com\/ltdl\/wp-json\/wp\/v2\/media?parent=3014"}],"curies":[{"name":"wp","href":"https:\/\/api.w.org\/{rel}","templated":true}]}}