{"id":6526,"date":"2023-04-02T14:21:18","date_gmt":"2023-04-02T12:21:18","guid":{"rendered":"https:\/\/les-terrains-du-lac.com\/ltdl\/?page_id=6526"},"modified":"2025-12-30T10:37:48","modified_gmt":"2025-12-30T09:37:48","slug":"historique","status":"publish","type":"page","link":"https:\/\/les-terrains-du-lac.com\/ltdl\/historique\/","title":{"rendered":"Historique"},"content":{"rendered":"<section class=\"l-section wpb_row height_auto\"><div class=\"l-section-h i-cf\"><div class=\"g-cols vc_row via_flex valign_top type_default stacking_default\"><div class=\"vc_col-sm-12 wpb_column vc_column_container\"><div class=\"vc_column-inner\"><div class=\"wpb_wrapper\"><div class=\"w-separator size_small\"><\/div><h1 class=\"w-text\"><span class=\"w-text-h\"><span class=\"w-text-value\">Historique<\/span><\/span><\/h1><div class=\"w-separator size_small\"><\/div><h2 class=\"w-text\"><span class=\"w-text-h\"><span class=\"w-text-value\">Nos Appartements <\/span><\/span><\/h2><div class=\"w-separator size_small\"><\/div><div class=\"w-grid us_grid type_grid layout_6524 cols_3 pagination_regular preload_style_spinner ratio_1x1\" id=\"us_grid_1\" style=\"--columns:3;--gap:1.5rem;--item-ratio:1;\" data-filterable=\"true\"><style>@media (max-width:1024px){#us_grid_1{--columns:2!important}}@media (max-width:600px){#us_grid_1{--columns:1!important}}.layout_6524 .w-grid-item-h{}.layout_6524 .usg_post_title_1{color:var(--color-header-middle-bg)!important;font-weight:700!important;margin:.3rem!important;text-shadow:0.05em 0.05em 0.05em #ffffff!important}<\/style><div class=\"w-grid-list\">\t<article class=\"w-grid-item size_1x1 post-6200 post type-post status-publish format-standard has-post-thumbnail hentry category-appartements_encours\" data-id=\"6200\">\r\n\t\t<div class=\"w-grid-item-h\" style=\"background:url(https:\/\/les-terrains-du-lac.com\/ltdl\/wp-content\/uploads\/2025\/12\/a4visuel1-1024x703.jpg) center center\/cover no-repeat;\">\r\n\t\t\t\t\t\t<h4 class=\"w-post-elm post_title usg_post_title_1 has_text_color entry-title color_link_inherit\">L&rsquo;Amiral &#8211; Pinsaguel (31120)<\/h4>\t\t<\/div>\r\n\t\t\t<\/article>\r\n\t<article class=\"w-grid-item size_1x1 post-3771 post type-post status-publish format-standard has-post-thumbnail hentry category-appartements_encours\" data-id=\"3771\">\r\n\t\t<div class=\"w-grid-item-h\" style=\"background:url(https:\/\/les-terrains-du-lac.com\/ltdl\/wp-content\/uploads\/2016\/10\/2visuel-04-1024x480.jpg) center center\/cover no-repeat;\">\r\n\t\t\t\t\t\t<h4 class=\"w-post-elm post_title usg_post_title_1 has_text_color entry-title color_link_inherit\">L&rsquo;Indigo &#8211; Aucamville (31140)<\/h4>\t\t<\/div>\r\n\t\t\t<\/article>\r\n\t<article class=\"w-grid-item size_1x1 post-70 post type-post status-publish format-standard has-post-thumbnail hentry category-appartements_encours\" data-id=\"70\">\r\n\t\t<div class=\"w-grid-item-h\" style=\"background:url(https:\/\/les-terrains-du-lac.com\/ltdl\/wp-content\/uploads\/2016\/06\/visuel-1024x504.jpg) center center\/cover no-repeat;\">\r\n\t\t\t\t\t\t<h4 class=\"w-post-elm post_title usg_post_title_1 has_text_color entry-title color_link_inherit\">Le Diamant Bleu &#8211; Roques s\/Gne (31120)<\/h4>\t\t<\/div>\r\n\t\t\t<\/article>\r\n\t<article class=\"w-grid-item size_1x1 post-3825 post type-post status-publish format-standard has-post-thumbnail hentry category-appartements_encours\" data-id=\"3825\">\r\n\t\t<div class=\"w-grid-item-h\" style=\"background:url(https:\/\/les-terrains-du-lac.com\/ltdl\/wp-content\/uploads\/2016\/01\/visuel-PCity-1024x575.jpg) center center\/cover no-repeat;\">\r\n\t\t\t\t\t\t<h4 class=\"w-post-elm post_title usg_post_title_1 has_text_color entry-title color_link_inherit\">Pink City &#8211; Frouzins (31270)<\/h4>\t\t<\/div>\r\n\t\t\t<\/article>\r\n\t<article class=\"w-grid-item size_1x1 post-2447 post type-post status-publish format-standard has-post-thumbnail hentry category-appartements_encours\" data-id=\"2447\">\r\n\t\t<div class=\"w-grid-item-h\" style=\"background:url(https:\/\/les-terrains-du-lac.com\/ltdl\/wp-content\/uploads\/2015\/09\/013-1024x469.jpg) center center\/cover no-repeat;\">\r\n\t\t\t\t\t\t<h4 class=\"w-post-elm post_title usg_post_title_1 has_text_color entry-title color_link_inherit\">Le Colonial &#8211; Aucamville (31140)<\/h4>\t\t<\/div>\r\n\t\t\t<\/article>\r\n\t<article class=\"w-grid-item size_1x1 post-3318 post type-post status-publish format-standard has-post-thumbnail hentry category-appartements_encours\" data-id=\"3318\">\r\n\t\t<div class=\"w-grid-item-h\" style=\"background:url(https:\/\/les-terrains-du-lac.com\/ltdl\/wp-content\/uploads\/2015\/03\/Persp.jpg) center center\/cover no-repeat;\">\r\n\t\t\t\t\t\t<h4 class=\"w-post-elm post_title usg_post_title_1 has_text_color entry-title color_link_inherit\">Villa Romane &#8211; Toulouse (31300)<\/h4>\t\t<\/div>\r\n\t\t\t<\/article>\r\n\t<article class=\"w-grid-item size_1x1 post-1291 post type-post status-publish format-standard has-post-thumbnail hentry category-appartements_encours\" data-id=\"1291\">\r\n\t\t<div class=\"w-grid-item-h\" style=\"background:url(https:\/\/les-terrains-du-lac.com\/ltdl\/wp-content\/uploads\/2013\/03\/2-vue-exterieur-1024x618.jpg) center center\/cover no-repeat;\">\r\n\t\t\t\t\t\t<h4 class=\"w-post-elm post_title usg_post_title_1 has_text_color entry-title color_link_inherit\">L&rsquo;Atelier- Toulouse (31100)<\/h4>\t\t<\/div>\r\n\t\t\t<\/article>\r\n\t<article class=\"w-grid-item size_1x1 post-1396 post type-post status-publish format-standard has-post-thumbnail hentry category-appartements_encours\" data-id=\"1396\">\r\n\t\t<div class=\"w-grid-item-h\" style=\"background:url(https:\/\/les-terrains-du-lac.com\/ltdl\/wp-content\/uploads\/2012\/03\/Persp-e1368381877305.jpg) center center\/cover no-repeat;\">\r\n\t\t\t\t\t\t<h4 class=\"w-post-elm post_title usg_post_title_1 has_text_color entry-title color_link_inherit\">Square Alexandre &#8211; Toulouse (31300)<\/h4>\t\t<\/div>\r\n\t\t\t<\/article>\r\n\t<article class=\"w-grid-item size_1x1 post-68 post type-post status-publish format-standard has-post-thumbnail hentry category-appartements_encours\" data-id=\"68\">\r\n\t\t<div class=\"w-grid-item-h\" style=\"background:url(https:\/\/les-terrains-du-lac.com\/ltdl\/wp-content\/uploads\/2012\/03\/Vue-servitude-1024x435.jpg) center center\/cover no-repeat;\">\r\n\t\t\t\t\t\t<h4 class=\"w-post-elm post_title usg_post_title_1 has_text_color entry-title color_link_inherit\">Le Diamant Vert \u00e0 Frouzins (31270)<\/h4>\t\t<\/div>\r\n\t\t\t<\/article>\r\n\t<article class=\"w-grid-item size_1x1 post-66 post type-post status-publish format-standard has-post-thumbnail hentry category-appartements_encours\" data-id=\"66\">\r\n\t\t<div class=\"w-grid-item-h\" style=\"background:url(https:\/\/les-terrains-du-lac.com\/ltdl\/wp-content\/uploads\/2012\/06\/01-1024x768.jpg) center center\/cover no-repeat;\">\r\n\t\t\t\t\t\t<h4 class=\"w-post-elm post_title usg_post_title_1 has_text_color entry-title color_link_inherit\">Belle Garonne \u00e0 Roques (31120)<\/h4>\t\t<\/div>\r\n\t\t\t<\/article>\r\n\t<article class=\"w-grid-item size_1x1 post-506 post type-post status-publish format-standard has-post-thumbnail hentry category-appartements_encours\" data-id=\"506\">\r\n\t\t<div class=\"w-grid-item-h\" style=\"background:url(https:\/\/les-terrains-du-lac.com\/ltdl\/wp-content\/uploads\/2012\/03\/agde-foto2-1024x730.jpg) center center\/cover no-repeat;\">\r\n\t\t\t\t\t\t<h4 class=\"w-post-elm post_title usg_post_title_1 has_text_color entry-title color_link_inherit\">Agde (34300)<\/h4>\t\t<\/div>\r\n\t\t\t<\/article>\r\n<\/div>\t<div class=\"w-grid-preloader\">\r\n\t\t<div class=\"g-preloader type_1\">\r\n\t\t\t<div><\/div>\r\n\t\t<\/div>\r\n\t<\/div>\r\n\t\t<div class=\"w-grid-json hidden\" onclick='return {&quot;action&quot;:&quot;us_ajax_grid&quot;,&quot;infinite_scroll&quot;:0,&quot;max_num_pages&quot;:1,&quot;pagination&quot;:&quot;regular&quot;,&quot;template_vars&quot;:{&quot;columns&quot;:&quot;3&quot;,&quot;exclude_items&quot;:&quot;none&quot;,&quot;img_size&quot;:&quot;default&quot;,&quot;ignore_items_size&quot;:0,&quot;items_layout&quot;:&quot;6524&quot;,&quot;items_offset&quot;:&quot;1&quot;,&quot;load_animation&quot;:&quot;none&quot;,&quot;overriding_link&quot;:&quot;{\\&quot;url\\&quot;:\\&quot;\\&quot;}&quot;,&quot;post_id&quot;:0,&quot;query_args&quot;:{&quot;post_type&quot;:[&quot;post&quot;],&quot;tax_query&quot;:[{&quot;taxonomy&quot;:&quot;category&quot;,&quot;field&quot;:&quot;slug&quot;,&quot;terms&quot;:[&quot;appartements_encours&quot;]}],&quot;post_status&quot;:[&quot;publish&quot;],&quot;ignore_sticky_posts&quot;:1,&quot;posts_per_page&quot;:&quot;25&quot;},&quot;orderby_query_args&quot;:{&quot;orderby&quot;:{&quot;date&quot;:&quot;DESC&quot;}},&quot;type&quot;:&quot;grid&quot;,&quot;us_grid_post_type&quot;:&quot;post&quot;,&quot;us_grid_ajax_index&quot;:1,&quot;us_grid_filter_query_string&quot;:null,&quot;us_grid_index&quot;:1,&quot;page_args&quot;:[]}}'><\/div>\r\n\t<\/div><div class=\"w-separator us_custom_95ebd667 has_text_color size_small with_line width_default thick_1 style_solid color_border align_center\"><div class=\"w-separator-h\"><\/div><\/div><\/div><\/div><\/div><\/div><\/div><\/section><section class=\"l-section wpb_row height_auto\"><div class=\"l-section-h i-cf\"><div class=\"g-cols vc_row via_flex valign_top type_default stacking_default\"><div class=\"vc_col-sm-12 wpb_column vc_column_container\"><div class=\"vc_column-inner\"><div class=\"wpb_wrapper\"><h2 class=\"w-text\"><span class=\"w-text-h\"><span class=\"w-text-value\">Nos Villas<\/span><\/span><\/h2><div class=\"w-separator size_small\"><\/div><div class=\"w-grid us_grid type_grid layout_6524 cols_3 pagination_regular preload_style_spinner ratio_1x1\" id=\"us_grid_2\" style=\"--columns:3;--gap:1.5rem;--item-ratio:1;\" data-filterable=\"true\"><style>@media (max-width:1024px){#us_grid_2{--columns:2!important}}@media (max-width:600px){#us_grid_2{--columns:1!important}}<\/style><div class=\"w-grid-list\">\t<article class=\"w-grid-item size_1x1 post-5904 post type-post status-publish format-standard has-post-thumbnail hentry category-villas_encours\" data-id=\"5904\">\r\n\t\t<div class=\"w-grid-item-h\" style=\"background:url(https:\/\/les-terrains-du-lac.com\/ltdl\/wp-content\/uploads\/2019\/06\/PC6-12-1024x385.jpg) center center\/cover no-repeat;\">\r\n\t\t\t\t\t\t<h4 class=\"w-post-elm post_title usg_post_title_1 has_text_color entry-title color_link_inherit\">Le B\u00e9lize &#8211; Frouzins (31270)<\/h4>\t\t<\/div>\r\n\t\t\t<\/article>\r\n\t<article class=\"w-grid-item size_1x1 post-4515 post type-post status-publish format-standard has-post-thumbnail hentry category-villas_encours\" data-id=\"4515\">\r\n\t\t<div class=\"w-grid-item-h\" style=\"background:url(https:\/\/les-terrains-du-lac.com\/ltdl\/wp-content\/uploads\/2016\/07\/z33-1-1024x625.jpg) center center\/cover no-repeat;\">\r\n\t\t\t\t\t\t<h4 class=\"w-post-elm post_title usg_post_title_1 has_text_color entry-title color_link_inherit\">Green Avenue &#8211; Frouzins (31270)<\/h4>\t\t<\/div>\r\n\t\t\t<\/article>\r\n\t<article class=\"w-grid-item size_1x1 post-2139 post type-post status-publish format-standard has-post-thumbnail hentry category-villas_encours\" data-id=\"2139\">\r\n\t\t<div class=\"w-grid-item-h\" style=\"background:url(https:\/\/les-terrains-du-lac.com\/ltdl\/wp-content\/uploads\/2014\/01\/facade1-1024x695.jpg) center center\/cover no-repeat;\">\r\n\t\t\t\t\t\t<h4 class=\"w-post-elm post_title usg_post_title_1 has_text_color entry-title color_link_inherit\">Villa Etigny &#8211; Luchon (31110)<\/h4>\t\t<\/div>\r\n\t\t\t<\/article>\r\n\t<article class=\"w-grid-item size_1x1 post-614 post type-post status-publish format-standard has-post-thumbnail hentry category-villas_encours\" data-id=\"614\">\r\n\t\t<div class=\"w-grid-item-h\" style=\"background:url(https:\/\/les-terrains-du-lac.com\/ltdl\/wp-content\/uploads\/2013\/11\/facades-rognees-1024x582.jpg) center center\/cover no-repeat;\">\r\n\t\t\t\t\t\t<h4 class=\"w-post-elm post_title usg_post_title_1 has_text_color entry-title color_link_inherit\">Eden Villas &#8211; Roques s\/Gne (31120)<\/h4>\t\t<\/div>\r\n\t\t\t<\/article>\r\n<\/div>\t<div class=\"w-grid-preloader\">\r\n\t\t<div class=\"g-preloader type_1\">\r\n\t\t\t<div><\/div>\r\n\t\t<\/div>\r\n\t<\/div>\r\n\t\t<div class=\"w-grid-json hidden\" onclick='return {&quot;action&quot;:&quot;us_ajax_grid&quot;,&quot;infinite_scroll&quot;:0,&quot;max_num_pages&quot;:1,&quot;pagination&quot;:&quot;regular&quot;,&quot;template_vars&quot;:{&quot;columns&quot;:&quot;3&quot;,&quot;exclude_items&quot;:&quot;none&quot;,&quot;img_size&quot;:&quot;default&quot;,&quot;ignore_items_size&quot;:0,&quot;items_layout&quot;:&quot;6524&quot;,&quot;items_offset&quot;:&quot;1&quot;,&quot;load_animation&quot;:&quot;none&quot;,&quot;overriding_link&quot;:&quot;{\\&quot;url\\&quot;:\\&quot;\\&quot;}&quot;,&quot;post_id&quot;:0,&quot;query_args&quot;:{&quot;post_type&quot;:[&quot;post&quot;],&quot;tax_query&quot;:[{&quot;taxonomy&quot;:&quot;category&quot;,&quot;field&quot;:&quot;slug&quot;,&quot;terms&quot;:[&quot;villas_encours&quot;]}],&quot;post_status&quot;:[&quot;publish&quot;],&quot;ignore_sticky_posts&quot;:1,&quot;posts_per_page&quot;:&quot;25&quot;},&quot;orderby_query_args&quot;:{&quot;orderby&quot;:{&quot;date&quot;:&quot;DESC&quot;}},&quot;type&quot;:&quot;grid&quot;,&quot;us_grid_post_type&quot;:&quot;post&quot;,&quot;us_grid_ajax_index&quot;:2,&quot;us_grid_filter_query_string&quot;:null,&quot;us_grid_index&quot;:2,&quot;page_args&quot;:[]}}'><\/div>\r\n\t<\/div><div class=\"w-separator size_medium\"><\/div><\/div><\/div><\/div><\/div><\/div><\/section>\n","protected":false},"excerpt":{"rendered":"\u00a0 R\u00e9sidence cl\u00f4tur\u00e9e 14 villas T4 (80 m\u00b2) BBC en duplex \u00a0\u00a0\u00a0\u00a0\u00a0\u00a0 8 Rue des Prunus \u00e0 Roque s\/Gne \u00e0 100m des berges de la Garonne ... \u00a0\u00a0\u00a0\u00a0\u00a0\u00a0\u00a0\u00a0\u00a0\u00a0\u00a0\u00a0\u00a0\u00a0\u00a0\u00a0\u00a0\u00a0\u00a0\u00a0\u00a0\u00a0\u00a0\u00a0\u00a0\u00a0\u00a0\u00a0\u00a0 \u00a0 A seulement 10 minutes au sud-ouest de la ville rose, Roques sur Garonne profite de son rayonnement et jouit d'un environnement des plus favorables entre le...","protected":false},"author":2,"featured_media":0,"parent":0,"menu_order":0,"comment_status":"closed","ping_status":"closed","template":"","meta":{"footnotes":""},"class_list":["post-6526","page","type-page","status-publish","hentry"],"aioseo_notices":[],"_links":{"self":[{"href":"https:\/\/les-terrains-du-lac.com\/ltdl\/wp-json\/wp\/v2\/pages\/6526","targetHints":{"allow":["GET"]}}],"collection":[{"href":"https:\/\/les-terrains-du-lac.com\/ltdl\/wp-json\/wp\/v2\/pages"}],"about":[{"href":"https:\/\/les-terrains-du-lac.com\/ltdl\/wp-json\/wp\/v2\/types\/page"}],"author":[{"embeddable":true,"href":"https:\/\/les-terrains-du-lac.com\/ltdl\/wp-json\/wp\/v2\/users\/2"}],"replies":[{"embeddable":true,"href":"https:\/\/les-terrains-du-lac.com\/ltdl\/wp-json\/wp\/v2\/comments?post=6526"}],"version-history":[{"count":7,"href":"https:\/\/les-terrains-du-lac.com\/ltdl\/wp-json\/wp\/v2\/pages\/6526\/revisions"}],"predecessor-version":[{"id":7563,"href":"https:\/\/les-terrains-du-lac.com\/ltdl\/wp-json\/wp\/v2\/pages\/6526\/revisions\/7563"}],"wp:attachment":[{"href":"https:\/\/les-terrains-du-lac.com\/ltdl\/wp-json\/wp\/v2\/media?parent=6526"}],"curies":[{"name":"wp","href":"https:\/\/api.w.org\/{rel}","templated":true}]}}